{"id":257,"date":"2022-05-25T17:46:32","date_gmt":"2022-05-25T15:46:32","guid":{"rendered":"https:\/\/restaurant-lecuyer.com\/?page_id=257"},"modified":"2024-11-07T10:40:10","modified_gmt":"2024-11-07T09:40:10","slug":"nos-menus-seminaire","status":"publish","type":"page","link":"https:\/\/restaurant-lecuyer.com\/index.php\/nos-menus-seminaire\/","title":{"rendered":"S\u00c9MINAIRES"},"content":{"rendered":"\t\t<div data-elementor-type=\"wp-page\" data-elementor-id=\"257\" class=\"elementor elementor-257\">\n\t\t\t\t\t\t\t\t\t<section class=\"elementor-section elementor-top-section elementor-element elementor-element-38a01544 elementor-section-height-min-height elementor-section-full_width elementor-section-height-default elementor-section-items-middle elementor-invisible\" data-id=\"38a01544\" data-element_type=\"section\" data-settings=\"{&quot;background_background&quot;:&quot;classic&quot;,&quot;animation&quot;:&quot;fadeInLeft&quot;}\">\n\t\t\t\t\t\t\t<div class=\"elementor-background-overlay\"><\/div>\n\t\t\t\t\t\t\t<div class=\"elementor-container elementor-column-gap-no\">\n\t\t\t\t\t<div class=\"elementor-column elementor-col-100 elementor-top-column elementor-element elementor-element-38144681 elementor-invisible\" data-id=\"38144681\" data-element_type=\"column\" data-settings=\"{&quot;animation&quot;:&quot;fadeInLeft&quot;}\">\n\t\t\t<div class=\"elementor-widget-wrap elementor-element-populated\">\n\t\t\t\t\t\t\t\t<div class=\"elementor-element elementor-element-2874cd6a elementor-invisible elementor-widget elementor-widget-heading\" data-id=\"2874cd6a\" data-element_type=\"widget\" data-settings=\"{&quot;_animation&quot;:&quot;fadeIn&quot;,&quot;_animation_delay&quot;:200}\" data-widget_type=\"heading.default\">\n\t\t\t\t<div class=\"elementor-widget-container\">\n\t\t\t<style>\/*! elementor - v3.14.0 - 18-06-2023 *\/\n.elementor-heading-title{padding:0;margin:0;line-height:1}.elementor-widget-heading .elementor-heading-title[class*=elementor-size-]>a{color:inherit;font-size:inherit;line-height:inherit}.elementor-widget-heading .elementor-heading-title.elementor-size-small{font-size:15px}.elementor-widget-heading .elementor-heading-title.elementor-size-medium{font-size:19px}.elementor-widget-heading .elementor-heading-title.elementor-size-large{font-size:29px}.elementor-widget-heading .elementor-heading-title.elementor-size-xl{font-size:39px}.elementor-widget-heading .elementor-heading-title.elementor-size-xxl{font-size:59px}<\/style><h1 class=\"elementor-heading-title elementor-size-default\">Nos menus s\u00e9minaire<\/h1>\t\t<\/div>\n\t\t\t\t<\/div>\n\t\t\t\t<div class=\"elementor-element elementor-element-31d63962 elementor-invisible elementor-widget elementor-widget-text-editor\" data-id=\"31d63962\" data-element_type=\"widget\" data-settings=\"{&quot;_animation&quot;:&quot;fadeIn&quot;,&quot;_animation_delay&quot;:400}\" data-widget_type=\"text-editor.default\">\n\t\t\t\t<div class=\"elementor-widget-container\">\n\t\t\t<style>\/*! elementor - v3.14.0 - 18-06-2023 *\/\n.elementor-widget-text-editor.elementor-drop-cap-view-stacked .elementor-drop-cap{background-color:#69727d;color:#fff}.elementor-widget-text-editor.elementor-drop-cap-view-framed .elementor-drop-cap{color:#69727d;border:3px solid;background-color:transparent}.elementor-widget-text-editor:not(.elementor-drop-cap-view-default) .elementor-drop-cap{margin-top:8px}.elementor-widget-text-editor:not(.elementor-drop-cap-view-default) .elementor-drop-cap-letter{width:1em;height:1em}.elementor-widget-text-editor .elementor-drop-cap{float:left;text-align:center;line-height:1;font-size:50px}.elementor-widget-text-editor .elementor-drop-cap-letter{display:inline-block}<\/style>\t\t\t\t<p>Nous accueillerons avec plaisir vos s\u00e9minaires professionnels. Nous pouvons privatiser le restaurant afin de vous offrir toute notre attention.<\/p>\t\t\t\t\t\t<\/div>\n\t\t\t\t<\/div>\n\t\t\t\t\t<\/div>\n\t\t<\/div>\n\t\t\t\t\t\t\t<\/div>\n\t\t<\/section>\n\t\t\t\t<section class=\"elementor-section elementor-top-section elementor-element elementor-element-7aae6479 elementor-section-boxed elementor-section-height-default elementor-section-height-default\" data-id=\"7aae6479\" data-element_type=\"section\" id=\"services\" data-settings=\"{&quot;background_background&quot;:&quot;classic&quot;}\">\n\t\t\t\t\t\t<div class=\"elementor-container elementor-column-gap-no\">\n\t\t\t\t\t<div class=\"elementor-column elementor-col-33 elementor-top-column elementor-element elementor-element-5a547692 elementor-invisible\" data-id=\"5a547692\" data-element_type=\"column\" data-settings=\"{&quot;animation&quot;:&quot;fadeInLeft&quot;}\">\n\t\t\t<div class=\"elementor-widget-wrap elementor-element-populated\">\n\t\t\t\t\t\t\t\t<div class=\"elementor-element elementor-element-1158e170 elementor-view-default elementor-vertical-align-top elementor-invisible elementor-widget elementor-widget-icon-box\" data-id=\"1158e170\" data-element_type=\"widget\" data-settings=\"{&quot;_animation&quot;:&quot;fadeIn&quot;}\" data-widget_type=\"icon-box.default\">\n\t\t\t\t<div class=\"elementor-widget-container\">\n\t\t\t<link rel=\"stylesheet\" href=\"https:\/\/restaurant-lecuyer.com\/wp-content\/plugins\/elementor\/assets\/css\/widget-icon-box.min.css\">\t\t<div class=\"elementor-icon-box-wrapper\">\n\t\t\t\t\t\t<div class=\"elementor-icon-box-content\">\n\t\t\t\t<h3 class=\"elementor-icon-box-title\">\n\t\t\t\t\t<span  >\n\t\t\t\t\t\tLe <br>tendance<br>42\u20ac\t\t\t\t\t<\/span>\n\t\t\t\t<\/h3>\n\t\t\t\t\t\t\t<\/div>\n\t\t<\/div>\n\t\t\t\t<\/div>\n\t\t\t\t<\/div>\n\t\t\t\t<div class=\"elementor-element elementor-element-5b4b78f elementor-widget elementor-widget-text-editor\" data-id=\"5b4b78f\" data-element_type=\"widget\" data-widget_type=\"text-editor.default\">\n\t\t\t\t<div class=\"elementor-widget-container\">\n\t\t\t\t\t\t\t<p style=\"text-align: center;\">\u00a0Kir normand, mise en bouche<\/p><p style=\"text-align: center;\"><br \/>\u00a0Velout\u00e9 de l\u00e9gumes<br \/>ou<br \/>\u00a0Saumon fum\u00e9 maison<\/p><p style=\"text-align: center;\"><br \/>Cabillaud grill\u00e9, pleurote, patate douce<br \/>ou<br \/>Supr\u00eame de volaille au satay<\/p><p style=\"text-align: center;\"><br \/>( Fromage 8\u20ac )<\/p><p style=\"text-align: center;\"><br \/>Mousse mangue glac\u00e9e cr\u00e8me fraiche<br \/>ou<br \/>Fondant au chocolat au lait, glace noisette<\/p>\t\t\t\t\t\t<\/div>\n\t\t\t\t<\/div>\n\t\t\t\t\t<\/div>\n\t\t<\/div>\n\t\t\t\t<div class=\"elementor-column elementor-col-33 elementor-top-column elementor-element elementor-element-45916723 elementor-invisible\" data-id=\"45916723\" data-element_type=\"column\" data-settings=\"{&quot;animation&quot;:&quot;fadeInUp&quot;}\">\n\t\t\t<div class=\"elementor-widget-wrap elementor-element-populated\">\n\t\t\t\t\t\t\t\t<div class=\"elementor-element elementor-element-3ed7d1ac elementor-view-default elementor-vertical-align-top elementor-invisible elementor-widget elementor-widget-icon-box\" data-id=\"3ed7d1ac\" data-element_type=\"widget\" data-settings=\"{&quot;_animation&quot;:&quot;fadeIn&quot;}\" data-widget_type=\"icon-box.default\">\n\t\t\t\t<div class=\"elementor-widget-container\">\n\t\t\t\t\t<div class=\"elementor-icon-box-wrapper\">\n\t\t\t\t\t\t<div class=\"elementor-icon-box-content\">\n\t\t\t\t<h3 class=\"elementor-icon-box-title\">\n\t\t\t\t\t<span  >\n\t\t\t\t\t\tL'<br>\u00e9cuyer<br>59\u20ac\t\t\t\t\t<\/span>\n\t\t\t\t<\/h3>\n\t\t\t\t\t\t\t<\/div>\n\t\t<\/div>\n\t\t\t\t<\/div>\n\t\t\t\t<\/div>\n\t\t\t\t<div class=\"elementor-element elementor-element-94bacbf elementor-widget elementor-widget-text-editor\" data-id=\"94bacbf\" data-element_type=\"widget\" data-widget_type=\"text-editor.default\">\n\t\t\t\t<div class=\"elementor-widget-container\">\n\t\t\t\t\t\t\t<p style=\"text-align: center;\">\u00a0Kir normand, mise en bouche<\/p><p style=\"text-align: center;\"><br \/>\u00a0Tataki de saumon s\u00e9same Mangue<br \/>ou<br \/>\u00a0Foie gras maison brioche<\/p><p style=\"text-align: center;\"><br \/>Saumon mi-cuit l\u00e9gumes de saison<br \/>ou<br \/>\u00c9paule d\u2019agneau grill\u00e9 fum\u00e9<span class=\"Apple-converted-space\">\u00a0<\/span><\/p><p style=\"text-align: center;\"><br \/>( Fromage 8\u20ac )<\/p><p style=\"text-align: center;\"><br \/>Croquant citron glace noisette<br \/>ou<br \/>Tarte tatin sorbet citron basilic<span class=\"Apple-converted-space\">\u00a0<\/span><\/p>\t\t\t\t\t\t<\/div>\n\t\t\t\t<\/div>\n\t\t\t\t\t<\/div>\n\t\t<\/div>\n\t\t\t\t<div class=\"elementor-column elementor-col-33 elementor-top-column elementor-element elementor-element-f96e8ed elementor-invisible\" data-id=\"f96e8ed\" data-element_type=\"column\" data-settings=\"{&quot;animation&quot;:&quot;fadeInRight&quot;}\">\n\t\t\t<div class=\"elementor-widget-wrap elementor-element-populated\">\n\t\t\t\t\t\t\t\t<div class=\"elementor-element elementor-element-05c90c7 elementor-view-default elementor-vertical-align-top elementor-invisible elementor-widget elementor-widget-icon-box\" data-id=\"05c90c7\" data-element_type=\"widget\" data-settings=\"{&quot;_animation&quot;:&quot;fadeIn&quot;}\" data-widget_type=\"icon-box.default\">\n\t\t\t\t<div class=\"elementor-widget-container\">\n\t\t\t\t\t<div class=\"elementor-icon-box-wrapper\">\n\t\t\t\t\t\t<div class=\"elementor-icon-box-content\">\n\t\t\t\t<h3 class=\"elementor-icon-box-title\">\n\t\t\t\t\t<span  >\n\t\t\t\t\t\tLe <br>D\u00e9couvert<br>79\u20ac\t\t\t\t\t<\/span>\n\t\t\t\t<\/h3>\n\t\t\t\t\t\t\t<\/div>\n\t\t<\/div>\n\t\t\t\t<\/div>\n\t\t\t\t<\/div>\n\t\t\t\t<div class=\"elementor-element elementor-element-f2e23d6 elementor-widget elementor-widget-text-editor\" data-id=\"f2e23d6\" data-element_type=\"widget\" data-widget_type=\"text-editor.default\">\n\t\t\t\t<div class=\"elementor-widget-container\">\n\t\t\t\t\t\t\t<p style=\"text-align: center;\">\u00a0Coupe champagne, mise en bouche<\/p><p style=\"text-align: center;\"><br \/><span style=\"font-size: 1em;\">Bisque de langoustine<\/span>\u00a0<br \/>ou<br \/>\u00a0foie gras maison et brioche<\/p><p style=\"text-align: center;\"><br \/>\u00a0Bar de ligne, petits l\u00e9gumes<br \/>ou<br \/>\u00a0Filet mignon de veau fum\u00e9<\/p><p style=\"text-align: center;\"><br \/>( Fromage truff\u00e9 8\u20ac )<\/p><p style=\"text-align: center;\"><br \/>Sabl\u00e9 cr\u00e9meux passion<span class=\"Apple-converted-space\">\u00a0<\/span><br \/>ou<br \/>\u00a0Dacquoise pistache<\/p>\t\t\t\t\t\t<\/div>\n\t\t\t\t<\/div>\n\t\t\t\t\t<\/div>\n\t\t<\/div>\n\t\t\t\t\t\t\t<\/div>\n\t\t<\/section>\n\t\t\t\t<section class=\"elementor-section elementor-top-section elementor-element elementor-element-5572806 elementor-section-boxed elementor-section-height-default elementor-section-height-default\" data-id=\"5572806\" data-element_type=\"section\" data-settings=\"{&quot;background_background&quot;:&quot;classic&quot;}\">\n\t\t\t\t\t\t<div class=\"elementor-container elementor-column-gap-default\">\n\t\t\t\t\t<div class=\"elementor-column elementor-col-100 elementor-top-column elementor-element elementor-element-21538bb\" data-id=\"21538bb\" data-element_type=\"column\">\n\t\t\t<div class=\"elementor-widget-wrap elementor-element-populated\">\n\t\t\t\t\t\t\t\t<div class=\"elementor-element elementor-element-3efdc1fd elementor-view-default elementor-vertical-align-top elementor-invisible elementor-widget elementor-widget-icon-box\" data-id=\"3efdc1fd\" data-element_type=\"widget\" data-settings=\"{&quot;_animation&quot;:&quot;fadeIn&quot;}\" data-widget_type=\"icon-box.default\">\n\t\t\t\t<div class=\"elementor-widget-container\">\n\t\t\t\t\t<div class=\"elementor-icon-box-wrapper\">\n\t\t\t\t\t\t<div class=\"elementor-icon-box-content\">\n\t\t\t\t<h3 class=\"elementor-icon-box-title\">\n\t\t\t\t\t<span  >\n\t\t\t\t\t\t\t\t\t\t\t<\/span>\n\t\t\t\t<\/h3>\n\t\t\t\t\t\t\t\t\t<p class=\"elementor-icon-box-description\">\n\t\t\t\t\t\t- Caf\u00e9 et eau compris\n<br>- Privatisation Possible\u00a0: \n- Salon\u00a0: 150\u20ac\n- Restaurant\u00a0: 300\u20ac\t\t\t\t\t<\/p>\n\t\t\t\t\t\t\t<\/div>\n\t\t<\/div>\n\t\t\t\t<\/div>\n\t\t\t\t<\/div>\n\t\t\t\t\t<\/div>\n\t\t<\/div>\n\t\t\t\t\t\t\t<\/div>\n\t\t<\/section>\n\t\t\t\t\t\t\t<\/div>\n\t\t","protected":false},"excerpt":{"rendered":"<p>Nos menus s\u00e9minaire Nous accueillerons avec plaisir vos s\u00e9minaires professionnels. Nous pouvons privatiser le restaurant afin de vous offrir toute notre attention. Le tendance42\u20ac \u00a0Kir normand, mise en bouche \u00a0Velout\u00e9 de l\u00e9gumesou\u00a0Saumon fum\u00e9 maison Cabillaud grill\u00e9, pleurote, patate douceouSupr\u00eame de volaille au satay ( Fromage 8\u20ac ) Mousse mangue glac\u00e9e cr\u00e8me fraicheouFondant au chocolat au &hellip;<\/p>\n<p class=\"read-more\"> <a class=\"\" href=\"https:\/\/restaurant-lecuyer.com\/index.php\/nos-menus-seminaire\/\"> <span class=\"screen-reader-text\">S\u00c9MINAIRES<\/span> Lire la suite\u00a0\u00bb<\/a><\/p>\n","protected":false},"author":1,"featured_media":0,"parent":0,"menu_order":0,"comment_status":"closed","ping_status":"closed","template":"elementor_header_footer","meta":{"site-sidebar-layout":"no-sidebar","site-content-layout":"page-builder","ast-global-header-display":"","ast-main-header-display":"","ast-hfb-above-header-display":"","ast-hfb-below-header-display":"","ast-hfb-mobile-header-display":"","site-post-title":"disabled","ast-breadcrumbs-content":"","ast-featured-img":"disabled","footer-sml-layout":"","theme-transparent-header-meta":"","adv-header-id-meta":"","stick-header-meta":"","header-above-stick-meta":"","header-main-stick-meta":"","header-below-stick-meta":"","footnotes":""},"class_list":["post-257","page","type-page","status-publish","hentry"],"yoast_head":"<!-- This site is optimized with the Yoast SEO plugin v20.9 - https:\/\/yoast.com\/wordpress\/plugins\/seo\/ -->\n<title>S\u00c9MINAIRES -<\/title>\n<meta name=\"description\" content=\"Nous accueillerons avec plaisir vos s\u00e9minaires professionnels dans un espace convivial et chaleureux. N&#039;h\u00e9sitez pas \u00e0 nous contacter\" \/>\n<meta name=\"robots\" content=\"index, follow, max-snippet:-1, max-image-preview:large, max-video-preview:-1\" \/>\n<link rel=\"canonical\" href=\"https:\/\/restaurant-lecuyer.com\/index.php\/nos-menus-seminaire\/\" \/>\n<meta property=\"og:locale\" content=\"fr_FR\" \/>\n<meta property=\"og:type\" content=\"article\" \/>\n<meta property=\"og:title\" content=\"S\u00c9MINAIRES -\" \/>\n<meta property=\"og:description\" content=\"Nous accueillerons avec plaisir vos s\u00e9minaires professionnels dans un espace convivial et chaleureux. N&#039;h\u00e9sitez pas \u00e0 nous contacter\" \/>\n<meta property=\"og:url\" content=\"https:\/\/restaurant-lecuyer.com\/index.php\/nos-menus-seminaire\/\" \/>\n<meta property=\"article:publisher\" content=\"https:\/\/m.facebook.com\/LecuyerTouques\" \/>\n<meta property=\"article:modified_time\" content=\"2024-11-07T09:40:10+00:00\" \/>\n<meta name=\"twitter:card\" content=\"summary_large_image\" \/>\n<script type=\"application\/ld+json\" class=\"yoast-schema-graph\">{\"@context\":\"https:\/\/schema.org\",\"@graph\":[{\"@type\":\"WebPage\",\"@id\":\"https:\/\/restaurant-lecuyer.com\/index.php\/nos-menus-seminaire\/\",\"url\":\"https:\/\/restaurant-lecuyer.com\/index.php\/nos-menus-seminaire\/\",\"name\":\"S\u00c9MINAIRES -\",\"isPartOf\":{\"@id\":\"https:\/\/restaurant-lecuyer.com\/#website\"},\"datePublished\":\"2022-05-25T15:46:32+00:00\",\"dateModified\":\"2024-11-07T09:40:10+00:00\",\"description\":\"Nous accueillerons avec plaisir vos s\u00e9minaires professionnels dans un espace convivial et chaleureux. N'h\u00e9sitez pas \u00e0 nous contacter\",\"breadcrumb\":{\"@id\":\"https:\/\/restaurant-lecuyer.com\/index.php\/nos-menus-seminaire\/#breadcrumb\"},\"inLanguage\":\"fr-FR\",\"potentialAction\":[{\"@type\":\"ReadAction\",\"target\":[\"https:\/\/restaurant-lecuyer.com\/index.php\/nos-menus-seminaire\/\"]}]},{\"@type\":\"BreadcrumbList\",\"@id\":\"https:\/\/restaurant-lecuyer.com\/index.php\/nos-menus-seminaire\/#breadcrumb\",\"itemListElement\":[{\"@type\":\"ListItem\",\"position\":1,\"name\":\"Accueil\",\"item\":\"https:\/\/restaurant-lecuyer.com\/\"},{\"@type\":\"ListItem\",\"position\":2,\"name\":\"S\u00c9MINAIRES\"}]},{\"@type\":\"WebSite\",\"@id\":\"https:\/\/restaurant-lecuyer.com\/#website\",\"url\":\"https:\/\/restaurant-lecuyer.com\/\",\"name\":\"\",\"description\":\"restaurant l&#039;\u00e9cuyer\",\"publisher\":{\"@id\":\"https:\/\/restaurant-lecuyer.com\/#organization\"},\"potentialAction\":[{\"@type\":\"SearchAction\",\"target\":{\"@type\":\"EntryPoint\",\"urlTemplate\":\"https:\/\/restaurant-lecuyer.com\/?s={search_term_string}\"},\"query-input\":\"required name=search_term_string\"}],\"inLanguage\":\"fr-FR\"},{\"@type\":\"Organization\",\"@id\":\"https:\/\/restaurant-lecuyer.com\/#organization\",\"name\":\"restaurant l'\u00e9cuyer\",\"url\":\"https:\/\/restaurant-lecuyer.com\/\",\"logo\":{\"@type\":\"ImageObject\",\"inLanguage\":\"fr-FR\",\"@id\":\"https:\/\/restaurant-lecuyer.com\/#\/schema\/logo\/image\/\",\"url\":\"https:\/\/restaurant-lecuyer.com\/wp-content\/uploads\/2022\/05\/LOGO-SITE-WEB_Plan-de-travail-1.png\",\"contentUrl\":\"https:\/\/restaurant-lecuyer.com\/wp-content\/uploads\/2022\/05\/LOGO-SITE-WEB_Plan-de-travail-1.png\",\"width\":2008,\"height\":1300,\"caption\":\"restaurant l'\u00e9cuyer\"},\"image\":{\"@id\":\"https:\/\/restaurant-lecuyer.com\/#\/schema\/logo\/image\/\"},\"sameAs\":[\"https:\/\/m.facebook.com\/LecuyerTouques\"]}]}<\/script>\n<!-- \/ Yoast SEO plugin. -->","yoast_head_json":{"title":"S\u00c9MINAIRES -","description":"Nous accueillerons avec plaisir vos s\u00e9minaires professionnels dans un espace convivial et chaleureux. N'h\u00e9sitez pas \u00e0 nous contacter","robots":{"index":"index","follow":"follow","max-snippet":"max-snippet:-1","max-image-preview":"max-image-preview:large","max-video-preview":"max-video-preview:-1"},"canonical":"https:\/\/restaurant-lecuyer.com\/index.php\/nos-menus-seminaire\/","og_locale":"fr_FR","og_type":"article","og_title":"S\u00c9MINAIRES -","og_description":"Nous accueillerons avec plaisir vos s\u00e9minaires professionnels dans un espace convivial et chaleureux. N'h\u00e9sitez pas \u00e0 nous contacter","og_url":"https:\/\/restaurant-lecuyer.com\/index.php\/nos-menus-seminaire\/","article_publisher":"https:\/\/m.facebook.com\/LecuyerTouques","article_modified_time":"2024-11-07T09:40:10+00:00","twitter_card":"summary_large_image","schema":{"@context":"https:\/\/schema.org","@graph":[{"@type":"WebPage","@id":"https:\/\/restaurant-lecuyer.com\/index.php\/nos-menus-seminaire\/","url":"https:\/\/restaurant-lecuyer.com\/index.php\/nos-menus-seminaire\/","name":"S\u00c9MINAIRES -","isPartOf":{"@id":"https:\/\/restaurant-lecuyer.com\/#website"},"datePublished":"2022-05-25T15:46:32+00:00","dateModified":"2024-11-07T09:40:10+00:00","description":"Nous accueillerons avec plaisir vos s\u00e9minaires professionnels dans un espace convivial et chaleureux. N'h\u00e9sitez pas \u00e0 nous contacter","breadcrumb":{"@id":"https:\/\/restaurant-lecuyer.com\/index.php\/nos-menus-seminaire\/#breadcrumb"},"inLanguage":"fr-FR","potentialAction":[{"@type":"ReadAction","target":["https:\/\/restaurant-lecuyer.com\/index.php\/nos-menus-seminaire\/"]}]},{"@type":"BreadcrumbList","@id":"https:\/\/restaurant-lecuyer.com\/index.php\/nos-menus-seminaire\/#breadcrumb","itemListElement":[{"@type":"ListItem","position":1,"name":"Accueil","item":"https:\/\/restaurant-lecuyer.com\/"},{"@type":"ListItem","position":2,"name":"S\u00c9MINAIRES"}]},{"@type":"WebSite","@id":"https:\/\/restaurant-lecuyer.com\/#website","url":"https:\/\/restaurant-lecuyer.com\/","name":"","description":"restaurant l&#039;\u00e9cuyer","publisher":{"@id":"https:\/\/restaurant-lecuyer.com\/#organization"},"potentialAction":[{"@type":"SearchAction","target":{"@type":"EntryPoint","urlTemplate":"https:\/\/restaurant-lecuyer.com\/?s={search_term_string}"},"query-input":"required name=search_term_string"}],"inLanguage":"fr-FR"},{"@type":"Organization","@id":"https:\/\/restaurant-lecuyer.com\/#organization","name":"restaurant l'\u00e9cuyer","url":"https:\/\/restaurant-lecuyer.com\/","logo":{"@type":"ImageObject","inLanguage":"fr-FR","@id":"https:\/\/restaurant-lecuyer.com\/#\/schema\/logo\/image\/","url":"https:\/\/restaurant-lecuyer.com\/wp-content\/uploads\/2022\/05\/LOGO-SITE-WEB_Plan-de-travail-1.png","contentUrl":"https:\/\/restaurant-lecuyer.com\/wp-content\/uploads\/2022\/05\/LOGO-SITE-WEB_Plan-de-travail-1.png","width":2008,"height":1300,"caption":"restaurant l'\u00e9cuyer"},"image":{"@id":"https:\/\/restaurant-lecuyer.com\/#\/schema\/logo\/image\/"},"sameAs":["https:\/\/m.facebook.com\/LecuyerTouques"]}]}},"_links":{"self":[{"href":"https:\/\/restaurant-lecuyer.com\/index.php\/wp-json\/wp\/v2\/pages\/257","targetHints":{"allow":["GET"]}}],"collection":[{"href":"https:\/\/restaurant-lecuyer.com\/index.php\/wp-json\/wp\/v2\/pages"}],"about":[{"href":"https:\/\/restaurant-lecuyer.com\/index.php\/wp-json\/wp\/v2\/types\/page"}],"author":[{"embeddable":true,"href":"https:\/\/restaurant-lecuyer.com\/index.php\/wp-json\/wp\/v2\/users\/1"}],"replies":[{"embeddable":true,"href":"https:\/\/restaurant-lecuyer.com\/index.php\/wp-json\/wp\/v2\/comments?post=257"}],"version-history":[{"count":3,"href":"https:\/\/restaurant-lecuyer.com\/index.php\/wp-json\/wp\/v2\/pages\/257\/revisions"}],"predecessor-version":[{"id":2429,"href":"https:\/\/restaurant-lecuyer.com\/index.php\/wp-json\/wp\/v2\/pages\/257\/revisions\/2429"}],"wp:attachment":[{"href":"https:\/\/restaurant-lecuyer.com\/index.php\/wp-json\/wp\/v2\/media?parent=257"}],"curies":[{"name":"wp","href":"https:\/\/api.w.org\/{rel}","templated":true}]}}