{"id":210,"date":"2022-05-24T15:55:17","date_gmt":"2022-05-24T13:55:17","guid":{"rendered":"https:\/\/restaurant-lecuyer.com\/?page_id=210"},"modified":"2022-06-15T17:41:31","modified_gmt":"2022-06-15T15:41:31","slug":"cgu-restaurant-lecuyer-touques","status":"publish","type":"page","link":"https:\/\/restaurant-lecuyer.com\/index.php\/cgu-restaurant-lecuyer-touques\/","title":{"rendered":"CGU"},"content":{"rendered":"\t\t<div data-elementor-type=\"wp-page\" data-elementor-id=\"210\" class=\"elementor elementor-210\">\n\t\t\t\t\t\t\t\t\t<section class=\"elementor-section elementor-top-section elementor-element elementor-element-7ca1c00 elementor-section-boxed elementor-section-height-default elementor-section-height-default\" data-id=\"7ca1c00\" data-element_type=\"section\">\n\t\t\t\t\t\t<div class=\"elementor-container elementor-column-gap-default\">\n\t\t\t\t\t<div class=\"elementor-column elementor-col-100 elementor-top-column elementor-element elementor-element-64e942a\" data-id=\"64e942a\" data-element_type=\"column\">\n\t\t\t<div class=\"elementor-widget-wrap elementor-element-populated\">\n\t\t\t\t\t\t\t\t<div class=\"elementor-element elementor-element-b0fb550 elementor-widget elementor-widget-text-editor\" data-id=\"b0fb550\" data-element_type=\"widget\" data-widget_type=\"text-editor.default\">\n\t\t\t\t<div class=\"elementor-widget-container\">\n\t\t\t<style>\/*! elementor - v3.14.0 - 18-06-2023 *\/\n.elementor-widget-text-editor.elementor-drop-cap-view-stacked .elementor-drop-cap{background-color:#69727d;color:#fff}.elementor-widget-text-editor.elementor-drop-cap-view-framed .elementor-drop-cap{color:#69727d;border:3px solid;background-color:transparent}.elementor-widget-text-editor:not(.elementor-drop-cap-view-default) .elementor-drop-cap{margin-top:8px}.elementor-widget-text-editor:not(.elementor-drop-cap-view-default) .elementor-drop-cap-letter{width:1em;height:1em}.elementor-widget-text-editor .elementor-drop-cap{float:left;text-align:center;line-height:1;font-size:50px}.elementor-widget-text-editor .elementor-drop-cap-letter{display:inline-block}<\/style>\t\t\t\t<p style=\"text-align: center;\"><b>Conditions g\u00e9n\u00e9rales d&rsquo;utilisation du site RESTAURANT-LECUYER<\/b><\/p><p><strong>ARTICLE 1 : Objet<\/strong><\/p><p>Les pr\u00e9sentes \u00ab conditions g\u00e9n\u00e9rales d&rsquo;utilisation \u00bb ont pour objet l&rsquo;encadrement juridique de l\u2019utilisation du site restaurant-lecuyer.com et de ses services.<\/p><p>Ce contrat est conclu entre :<\/p><p>Le g\u00e9rant du site internet, ci-apr\u00e8s d\u00e9sign\u00e9 \u00ab\u00a0l\u2019\u00c9diteur\u00a0\u00bb,<\/p><p>Toute personne physique ou morale souhaitant acc\u00e9der au site et \u00e0 ses services, ci-apr\u00e8s appel\u00e9 \u00ab\u00a0l\u2019Utilisateur\u00a0\u00bb.<\/p><p>Les conditions g\u00e9n\u00e9rales d&rsquo;utilisation doivent \u00eatre accept\u00e9es par tout Utilisateur, et son acc\u00e8s au site vaut acceptation de ces conditions.<\/p><p>\u00a0<\/p><p><strong>ARTICLE 2 : Mentions l\u00e9gales<\/strong><\/p><p><i>Pour les personnes morales :<\/i><\/p><p>Le site restaurant-lecuyer.com est \u00e9dit\u00e9 par la soci\u00e9t\u00e9 H\u00e9l\u00e8ne Guihard Photographie dont le si\u00e8ge social est situ\u00e9 au 6 Rue Bonvoisin 76600 Le Havre<\/p><p>La soci\u00e9t\u00e9 est repr\u00e9sent\u00e9e par H\u00e9l\u00e8ne Guihard.<\/p><p><i>Pour les personnes physiques :<span class=\"Apple-converted-space\">\u00a0<\/span><\/i><\/p><p>Le site restaurant-lecuyer.com est \u00e9dit\u00e9 par la soci\u00e9t\u00e9 H\u00e9l\u00e8ne Guihard Photographie dont le si\u00e8ge social est situ\u00e9 au 6 Rue Bonvoisin 76600 Le Havre<\/p><p>\u00a0<\/p><p><strong>ARTICLE 3 : acc\u00e8s aux services<\/strong><\/p><p>L\u2019Utilisateur du site restaurant-l&rsquo;\u00e9cuyer.com a acc\u00e8s aux services suivants :<\/p><ul><li>Consultation du site Internet<\/li><li>Formulaire de contact<\/li><\/ul><p>Tout Utilisateur ayant acc\u00e8s a internet peut acc\u00e9der gratuitement et depuis n\u2019importe o\u00f9 au site. Les frais support\u00e9s par l\u2019Utilisateur pour y acc\u00e9der (connexion internet, mat\u00e9riel informatique, etc.) ne sont pas \u00e0 la charge de l\u2019\u00c9diteur.<\/p><p>Le site et ses diff\u00e9rents services peuvent \u00eatre interrompus ou suspendus par l\u2019\u00c9diteur, notamment \u00e0 l\u2019occasion d\u2019une maintenance, sans obligation de pr\u00e9avis ou de justification.<\/p><p>\u00a0<\/p><p><strong>ARTICLE 4 : Responsabilit\u00e9 de l\u2019Utilisateur<\/strong><\/p><p>L\u2019Utilisateur assume l\u2019enti\u00e8re responsabilit\u00e9 de l\u2019utilisation qu\u2019il fait des informations et contenus pr\u00e9sents sur le site restaurant-lecuyer.com<\/p><p>Tout usage du service par l&rsquo;Utilisateur ayant directement ou indirectement pour cons\u00e9quence des dommages doit faire l&rsquo;objet d&rsquo;une indemnisation au profit du site.<\/p><p>\u00a0<\/p><p><strong>ARTICLE 5 : Responsabilit\u00e9 de l\u2019\u00c9diteur<\/strong><\/p><p>Tout dysfonctionnement du serveur ou du r\u00e9seau ne peut engager la responsabilit\u00e9 de l\u2019\u00c9diteur.<\/p><p>De m\u00eame, la responsabilit\u00e9 du site ne peut \u00eatre engag\u00e9e en cas de force majeure ou du fait impr\u00e9visible et insurmontable d&rsquo;un tiers.<\/p><p>Le site restaurant-lecuyer.com s&rsquo;engage \u00e0 mettre en \u0153uvre tous les moyens n\u00e9cessaires pour garantir la s\u00e9curit\u00e9 et la confidentialit\u00e9 des donn\u00e9es. Toutefois, il n\u2019apporte pas une garantie de s\u00e9curit\u00e9 totale.<\/p><p>L\u2019\u00c9diteur se r\u00e9serve la facult\u00e9 d\u2019une non-garantie de la fiabilit\u00e9 des sources, bien que les informations diffus\u00e9es su le site soient r\u00e9put\u00e9es fiables.<\/p><p>\u00a0<\/p><p><strong>ARTICLE 6 : Propri\u00e9t\u00e9 intellectuelle<\/strong><\/p><p>Les contenus du site restaurant-lecuyer.com (logos, textes, \u00e9l\u00e9ments graphiques, vid\u00e9os, etc.) son prot\u00e9g\u00e9s par le droit d\u2019auteur, en vertu du Code de la propri\u00e9t\u00e9 intellectuelle.<\/p><p>L\u2019Utilisateur devra obtenir l\u2019autorisation de l\u2019\u00e9diteur du site avant toute reproduction, copie ou publication de ces diff\u00e9rents contenus.<\/p><p>Ces derniers ne peuvent \u00eatre utilis\u00e9s par les utilisateurs \u00e0 des fins priv\u00e9es ou pour tout usage commercial sont interdits.<\/p><p>L\u2019Utilisateur est enti\u00e8rement responsable de tout contenu qu\u2019il met en ligne et il s\u2019engage \u00e0 ne pas porter atteinte \u00e0 un tiers.<\/p><p>\u00a0<\/p><p><strong>ARTICLE 7 : Donn\u00e9es personnelles<\/strong><\/p><p>L\u2019Utilisateur doit obligatoirement fournir des informations personnelles pour proc\u00e9der au formulaire de contact.<span class=\"Apple-converted-space\">\u00a0<\/span><\/p><p>L\u2019adresse \u00e9lectronique (e-mail) de l\u2019utilisateur pourra notamment \u00eatre utilis\u00e9e par le site<span class=\"Apple-converted-space\">\u00a0 <\/span>www.restaurant-lecuyer.com pour la communication d\u2019informations diverses et la gestion du compte.<\/p><p>restaurant-lecuyer.com garantie le respect de la vie priv\u00e9e de l\u2019utilisateur, conform\u00e9ment \u00e0 la loi n\u00b078-17 du 6 janvier 1978 relative \u00e0 l&rsquo;informatique, aux fichiers et aux libert\u00e9s.<\/p><p>En vertu des articles 39 et 40 de la loi en date du 6 janvier 1978, l&rsquo;Utilisateur dispose d&rsquo;un droit d&rsquo;acc\u00e8s, de rectification, de suppression et d&rsquo;opposition de ses donn\u00e9es personnelles. L&rsquo;Utilisateur exerce ce droit via :<\/p><ul><li>Un formulaire de contact ;<\/li><li>Par mail \u00e0 contact@restaurant-lecuyer.com<\/li><\/ul><p>\u00a0<\/p><p><strong>ARTICLE 8 : Liens hypertextes<\/strong><\/p><p>Les domaines vers lesquels m\u00e8nent les liens hypertextes pr\u00e9sents sur le site n\u2019engagent pas la responsabilit\u00e9 de l\u2019\u00c9diteur de<span class=\"Apple-converted-space\">\u00a0restaurant-lecuyer<\/span>.com qui n\u2019a pas de contr\u00f4le sur ces liens.<\/p><p>Il est possible pour un tiers de cr\u00e9er un lien vers une page du site restaurant-lecuyer.com sans autorisation expresse de l\u2019\u00e9diteur.<\/p><p>\u00a0<\/p><p><strong>ARTICLE 9 : \u00c9volution des conditions g\u00e9n\u00e9rales d\u2019utilisation<\/strong><\/p><p>Le site restaurant-lecuyer.com se r\u00e9serve le droit de modifier les clauses de ces conditions g\u00e9n\u00e9rales d\u2019utilisation \u00e0 tout moment et sans justification.<\/p><p><strong>ARTICLE 10 : Dur\u00e9e du contrat<\/strong><\/p><p>La dur\u00e9e du pr\u00e9sent contrat est ind\u00e9termin\u00e9e. Le contrat produit ses effets \u00e0 l&rsquo;\u00e9gard de l&rsquo;Utilisateur \u00e0 compter du d\u00e9but de l\u2019utilisation du service.<\/p><p>\u00a0<\/p><p><strong>ARTICLE 11 : Droit applicable et juridiction comp\u00e9tente<\/strong><\/p><p>Le pr\u00e9sent contrat d\u00e9pend de la l\u00e9gislation fran\u00e7aise.<span class=\"Apple-converted-space\">\u00a0<\/span><\/p><p>En cas de litige non r\u00e9solu \u00e0 l\u2019amiable entre l\u2019Utilisateur et l\u2019\u00c9diteur, les tribunaux de Lisieux\u00a0sont comp\u00e9tents pour r\u00e9gler le contentieux.<\/p>\t\t\t\t\t\t<\/div>\n\t\t\t\t<\/div>\n\t\t\t\t\t<\/div>\n\t\t<\/div>\n\t\t\t\t\t\t\t<\/div>\n\t\t<\/section>\n\t\t\t\t\t\t\t<\/div>\n\t\t","protected":false},"excerpt":{"rendered":"<p>Conditions g\u00e9n\u00e9rales d&rsquo;utilisation du site RESTAURANT-LECUYER ARTICLE 1 : Objet Les pr\u00e9sentes \u00ab conditions g\u00e9n\u00e9rales d&rsquo;utilisation \u00bb ont pour objet l&rsquo;encadrement juridique de l\u2019utilisation du site restaurant-lecuyer.com et de ses services. Ce contrat est conclu entre : Le g\u00e9rant du site internet, ci-apr\u00e8s d\u00e9sign\u00e9 \u00ab&nbsp;l\u2019\u00c9diteur&nbsp;\u00bb, Toute personne physique ou morale souhaitant acc\u00e9der au site et &hellip;<\/p>\n<p class=\"read-more\"> <a class=\"\" href=\"https:\/\/restaurant-lecuyer.com\/index.php\/cgu-restaurant-lecuyer-touques\/\"> <span class=\"screen-reader-text\">CGU<\/span> Lire la suite\u00a0\u00bb<\/a><\/p>\n","protected":false},"author":1,"featured_media":0,"parent":0,"menu_order":0,"comment_status":"closed","ping_status":"closed","template":"","meta":{"site-sidebar-layout":"default","site-content-layout":"default","ast-global-header-display":"","ast-main-header-display":"","ast-hfb-above-header-display":"","ast-hfb-below-header-display":"","ast-hfb-mobile-header-display":"","site-post-title":"disabled","ast-breadcrumbs-content":"","ast-featured-img":"","footer-sml-layout":"","theme-transparent-header-meta":"","adv-header-id-meta":"","stick-header-meta":"","header-above-stick-meta":"","header-main-stick-meta":"","header-below-stick-meta":"","footnotes":""},"class_list":["post-210","page","type-page","status-publish","hentry"],"yoast_head":"<!-- This site is optimized with the Yoast SEO plugin v20.9 - https:\/\/yoast.com\/wordpress\/plugins\/seo\/ -->\n<title>CGU -<\/title>\n<meta name=\"description\" content=\"Les conditions g\u00e9n\u00e9rales d&#039;utilisations du site restaurant-lecyuer.com\" \/>\n<meta name=\"robots\" content=\"index, follow, max-snippet:-1, max-image-preview:large, max-video-preview:-1\" \/>\n<link rel=\"canonical\" href=\"https:\/\/restaurant-lecuyer.com\/index.php\/cgu-restaurant-lecuyer-touques\/\" \/>\n<meta property=\"og:locale\" content=\"fr_FR\" \/>\n<meta property=\"og:type\" content=\"article\" \/>\n<meta property=\"og:title\" content=\"CGU -\" \/>\n<meta property=\"og:description\" content=\"Les conditions g\u00e9n\u00e9rales d&#039;utilisations du site restaurant-lecyuer.com\" \/>\n<meta property=\"og:url\" content=\"https:\/\/restaurant-lecuyer.com\/index.php\/cgu-restaurant-lecuyer-touques\/\" \/>\n<meta property=\"article:publisher\" content=\"https:\/\/m.facebook.com\/LecuyerTouques\" \/>\n<meta property=\"article:modified_time\" content=\"2022-06-15T15:41:31+00:00\" \/>\n<meta name=\"twitter:card\" content=\"summary_large_image\" \/>\n<meta name=\"twitter:label1\" content=\"Dur\u00e9e de lecture estim\u00e9e\" \/>\n\t<meta name=\"twitter:data1\" content=\"4 minutes\" \/>\n<script type=\"application\/ld+json\" class=\"yoast-schema-graph\">{\"@context\":\"https:\/\/schema.org\",\"@graph\":[{\"@type\":\"WebPage\",\"@id\":\"https:\/\/restaurant-lecuyer.com\/index.php\/cgu-restaurant-lecuyer-touques\/\",\"url\":\"https:\/\/restaurant-lecuyer.com\/index.php\/cgu-restaurant-lecuyer-touques\/\",\"name\":\"CGU -\",\"isPartOf\":{\"@id\":\"https:\/\/restaurant-lecuyer.com\/#website\"},\"datePublished\":\"2022-05-24T13:55:17+00:00\",\"dateModified\":\"2022-06-15T15:41:31+00:00\",\"description\":\"Les conditions g\u00e9n\u00e9rales d'utilisations du site restaurant-lecyuer.com\",\"breadcrumb\":{\"@id\":\"https:\/\/restaurant-lecuyer.com\/index.php\/cgu-restaurant-lecuyer-touques\/#breadcrumb\"},\"inLanguage\":\"fr-FR\",\"potentialAction\":[{\"@type\":\"ReadAction\",\"target\":[\"https:\/\/restaurant-lecuyer.com\/index.php\/cgu-restaurant-lecuyer-touques\/\"]}]},{\"@type\":\"BreadcrumbList\",\"@id\":\"https:\/\/restaurant-lecuyer.com\/index.php\/cgu-restaurant-lecuyer-touques\/#breadcrumb\",\"itemListElement\":[{\"@type\":\"ListItem\",\"position\":1,\"name\":\"Accueil\",\"item\":\"https:\/\/restaurant-lecuyer.com\/\"},{\"@type\":\"ListItem\",\"position\":2,\"name\":\"CGU\"}]},{\"@type\":\"WebSite\",\"@id\":\"https:\/\/restaurant-lecuyer.com\/#website\",\"url\":\"https:\/\/restaurant-lecuyer.com\/\",\"name\":\"\",\"description\":\"restaurant l&#039;\u00e9cuyer\",\"publisher\":{\"@id\":\"https:\/\/restaurant-lecuyer.com\/#organization\"},\"potentialAction\":[{\"@type\":\"SearchAction\",\"target\":{\"@type\":\"EntryPoint\",\"urlTemplate\":\"https:\/\/restaurant-lecuyer.com\/?s={search_term_string}\"},\"query-input\":\"required name=search_term_string\"}],\"inLanguage\":\"fr-FR\"},{\"@type\":\"Organization\",\"@id\":\"https:\/\/restaurant-lecuyer.com\/#organization\",\"name\":\"restaurant l'\u00e9cuyer\",\"url\":\"https:\/\/restaurant-lecuyer.com\/\",\"logo\":{\"@type\":\"ImageObject\",\"inLanguage\":\"fr-FR\",\"@id\":\"https:\/\/restaurant-lecuyer.com\/#\/schema\/logo\/image\/\",\"url\":\"https:\/\/restaurant-lecuyer.com\/wp-content\/uploads\/2022\/05\/LOGO-SITE-WEB_Plan-de-travail-1.png\",\"contentUrl\":\"https:\/\/restaurant-lecuyer.com\/wp-content\/uploads\/2022\/05\/LOGO-SITE-WEB_Plan-de-travail-1.png\",\"width\":2008,\"height\":1300,\"caption\":\"restaurant l'\u00e9cuyer\"},\"image\":{\"@id\":\"https:\/\/restaurant-lecuyer.com\/#\/schema\/logo\/image\/\"},\"sameAs\":[\"https:\/\/m.facebook.com\/LecuyerTouques\"]}]}<\/script>\n<!-- \/ Yoast SEO plugin. -->","yoast_head_json":{"title":"CGU -","description":"Les conditions g\u00e9n\u00e9rales d'utilisations du site restaurant-lecyuer.com","robots":{"index":"index","follow":"follow","max-snippet":"max-snippet:-1","max-image-preview":"max-image-preview:large","max-video-preview":"max-video-preview:-1"},"canonical":"https:\/\/restaurant-lecuyer.com\/index.php\/cgu-restaurant-lecuyer-touques\/","og_locale":"fr_FR","og_type":"article","og_title":"CGU -","og_description":"Les conditions g\u00e9n\u00e9rales d'utilisations du site restaurant-lecyuer.com","og_url":"https:\/\/restaurant-lecuyer.com\/index.php\/cgu-restaurant-lecuyer-touques\/","article_publisher":"https:\/\/m.facebook.com\/LecuyerTouques","article_modified_time":"2022-06-15T15:41:31+00:00","twitter_card":"summary_large_image","twitter_misc":{"Dur\u00e9e de lecture estim\u00e9e":"4 minutes"},"schema":{"@context":"https:\/\/schema.org","@graph":[{"@type":"WebPage","@id":"https:\/\/restaurant-lecuyer.com\/index.php\/cgu-restaurant-lecuyer-touques\/","url":"https:\/\/restaurant-lecuyer.com\/index.php\/cgu-restaurant-lecuyer-touques\/","name":"CGU -","isPartOf":{"@id":"https:\/\/restaurant-lecuyer.com\/#website"},"datePublished":"2022-05-24T13:55:17+00:00","dateModified":"2022-06-15T15:41:31+00:00","description":"Les conditions g\u00e9n\u00e9rales d'utilisations du site restaurant-lecyuer.com","breadcrumb":{"@id":"https:\/\/restaurant-lecuyer.com\/index.php\/cgu-restaurant-lecuyer-touques\/#breadcrumb"},"inLanguage":"fr-FR","potentialAction":[{"@type":"ReadAction","target":["https:\/\/restaurant-lecuyer.com\/index.php\/cgu-restaurant-lecuyer-touques\/"]}]},{"@type":"BreadcrumbList","@id":"https:\/\/restaurant-lecuyer.com\/index.php\/cgu-restaurant-lecuyer-touques\/#breadcrumb","itemListElement":[{"@type":"ListItem","position":1,"name":"Accueil","item":"https:\/\/restaurant-lecuyer.com\/"},{"@type":"ListItem","position":2,"name":"CGU"}]},{"@type":"WebSite","@id":"https:\/\/restaurant-lecuyer.com\/#website","url":"https:\/\/restaurant-lecuyer.com\/","name":"","description":"restaurant l&#039;\u00e9cuyer","publisher":{"@id":"https:\/\/restaurant-lecuyer.com\/#organization"},"potentialAction":[{"@type":"SearchAction","target":{"@type":"EntryPoint","urlTemplate":"https:\/\/restaurant-lecuyer.com\/?s={search_term_string}"},"query-input":"required name=search_term_string"}],"inLanguage":"fr-FR"},{"@type":"Organization","@id":"https:\/\/restaurant-lecuyer.com\/#organization","name":"restaurant l'\u00e9cuyer","url":"https:\/\/restaurant-lecuyer.com\/","logo":{"@type":"ImageObject","inLanguage":"fr-FR","@id":"https:\/\/restaurant-lecuyer.com\/#\/schema\/logo\/image\/","url":"https:\/\/restaurant-lecuyer.com\/wp-content\/uploads\/2022\/05\/LOGO-SITE-WEB_Plan-de-travail-1.png","contentUrl":"https:\/\/restaurant-lecuyer.com\/wp-content\/uploads\/2022\/05\/LOGO-SITE-WEB_Plan-de-travail-1.png","width":2008,"height":1300,"caption":"restaurant l'\u00e9cuyer"},"image":{"@id":"https:\/\/restaurant-lecuyer.com\/#\/schema\/logo\/image\/"},"sameAs":["https:\/\/m.facebook.com\/LecuyerTouques"]}]}},"_links":{"self":[{"href":"https:\/\/restaurant-lecuyer.com\/index.php\/wp-json\/wp\/v2\/pages\/210","targetHints":{"allow":["GET"]}}],"collection":[{"href":"https:\/\/restaurant-lecuyer.com\/index.php\/wp-json\/wp\/v2\/pages"}],"about":[{"href":"https:\/\/restaurant-lecuyer.com\/index.php\/wp-json\/wp\/v2\/types\/page"}],"author":[{"embeddable":true,"href":"https:\/\/restaurant-lecuyer.com\/index.php\/wp-json\/wp\/v2\/users\/1"}],"replies":[{"embeddable":true,"href":"https:\/\/restaurant-lecuyer.com\/index.php\/wp-json\/wp\/v2\/comments?post=210"}],"version-history":[{"count":0,"href":"https:\/\/restaurant-lecuyer.com\/index.php\/wp-json\/wp\/v2\/pages\/210\/revisions"}],"wp:attachment":[{"href":"https:\/\/restaurant-lecuyer.com\/index.php\/wp-json\/wp\/v2\/media?parent=210"}],"curies":[{"name":"wp","href":"https:\/\/api.w.org\/{rel}","templated":true}]}}