{"id":170,"date":"2022-05-24T14:38:06","date_gmt":"2022-05-24T12:38:06","guid":{"rendered":"https:\/\/restaurant-lecuyer.com\/?page_id=170"},"modified":"2022-06-15T17:16:03","modified_gmt":"2022-06-15T15:16:03","slug":"mentions-legales-restaurant-lecuyer","status":"publish","type":"page","link":"https:\/\/restaurant-lecuyer.com\/index.php\/mentions-legales-restaurant-lecuyer\/","title":{"rendered":"Mentions l\u00e9gales"},"content":{"rendered":"\t\t<div data-elementor-type=\"wp-page\" data-elementor-id=\"170\" class=\"elementor elementor-170\">\n\t\t\t\t\t\t\t\t\t<section class=\"elementor-section elementor-top-section elementor-element elementor-element-67bae0b elementor-section-full_width elementor-section-stretched elementor-section-height-default elementor-section-height-default\" data-id=\"67bae0b\" data-element_type=\"section\" data-settings=\"{&quot;background_background&quot;:&quot;classic&quot;,&quot;stretch_section&quot;:&quot;section-stretched&quot;}\">\n\t\t\t\t\t\t\t<div class=\"elementor-background-overlay\"><\/div>\n\t\t\t\t\t\t\t<div class=\"elementor-container elementor-column-gap-default\">\n\t\t\t\t\t<div class=\"elementor-column elementor-col-100 elementor-top-column elementor-element elementor-element-c4fd369\" data-id=\"c4fd369\" data-element_type=\"column\" data-settings=\"{&quot;background_background&quot;:&quot;classic&quot;}\">\n\t\t\t<div class=\"elementor-widget-wrap elementor-element-populated\">\n\t\t\t\t\t<div class=\"elementor-background-overlay\"><\/div>\n\t\t\t\t\t\t\t\t<div class=\"elementor-element elementor-element-7e6ad5d elementor-widget elementor-widget-text-editor\" data-id=\"7e6ad5d\" data-element_type=\"widget\" data-widget_type=\"text-editor.default\">\n\t\t\t\t<div class=\"elementor-widget-container\">\n\t\t\t<style>\/*! elementor - v3.14.0 - 18-06-2023 *\/\n.elementor-widget-text-editor.elementor-drop-cap-view-stacked .elementor-drop-cap{background-color:#69727d;color:#fff}.elementor-widget-text-editor.elementor-drop-cap-view-framed .elementor-drop-cap{color:#69727d;border:3px solid;background-color:transparent}.elementor-widget-text-editor:not(.elementor-drop-cap-view-default) .elementor-drop-cap{margin-top:8px}.elementor-widget-text-editor:not(.elementor-drop-cap-view-default) .elementor-drop-cap-letter{width:1em;height:1em}.elementor-widget-text-editor .elementor-drop-cap{float:left;text-align:center;line-height:1;font-size:50px}.elementor-widget-text-editor .elementor-drop-cap-letter{display:inline-block}<\/style>\t\t\t\t<p style=\"text-align: center;\"><b>Mentions l\u00e9gales<\/b><\/p><p style=\"text-align: center;\">En vigueur au 06\/06\/22 <span class=\"Apple-converted-space\">\u00a0<\/span><\/p><p style=\"text-align: center;\"><span class=\"Apple-converted-space\">\u00a0<\/span><\/p><p style=\"text-align: left;\">Conform\u00e9ment aux dispositions des Articles 6-III et 19 de la Loi n\u00b02004-575 du 21 juin 2004 pour la Confiance dans l\u2019\u00e9conomie num\u00e9rique, dite L.C.E.N., il est port\u00e9 \u00e0 la connaissance des utilisateurs et visiteurs, ci-apr\u00e8s l\u00a0\u00bb<b>Utilisateur<\/b>\u00ab\u00a0, du site www.restaurant-lecuyer.com , ci-apr\u00e8s le \u00ab\u00a0<b>Site<\/b>\u00ab\u00a0, les pr\u00e9sentes mentions l\u00e9gales.<\/p><p style=\"text-align: left;\">La connexion et la navigation sur le Site par l\u2019Utilisateur implique acceptation int\u00e9grale et sans r\u00e9serve des pr\u00e9sentes mentions l\u00e9gales.<\/p><p style=\"text-align: left;\">Ces derni\u00e8res sont accessibles sur le Site \u00e0 la rubrique \u00ab Mentions l\u00e9gales \u00bb.<\/p><p>\u00a0<\/p><p style=\"text-align: left;\"><b>ARTICLE 1 &#8211; L&rsquo;EDITEUR<\/b><\/p><p style=\"text-align: left;\">L\u2019\u00e9dition et la direction de la publication du Site est assur\u00e9e par Guihard H\u00e9l\u00e8ne Photographie, domicili\u00e9e 6 rue Bonvoisin, dont le num\u00e9ro de t\u00e9l\u00e9phone est 06 34 44 50 32, et l&rsquo;adresse e-mail contact@heleneguihardphotographie.com.<\/p><p style=\"text-align: left;\"><span class=\"Apple-converted-space\">\u00a0<\/span>La personne est assujettie au r\u00e9pertoire des m\u00e9tiers avec le num\u00e9ro d&rsquo;inscription 82813665500028.<span class=\"Apple-converted-space\">\u00a0<\/span><\/p><p style=\"text-align: left;\">ci-apr\u00e8s l&rsquo; \u00ab\u00a0<b>Editeur<\/b>\u00ab\u00a0.<\/p><p>\u00a0<\/p><p style=\"text-align: left;\"><b>ARTICLE 2 &#8211; L&rsquo;HEBERGEUR<\/b><\/p><p style=\"text-align: left;\">L&rsquo;h\u00e9bergeur du Site est la soci\u00e9t\u00e9 OVH, dont le si\u00e8ge social est situ\u00e9 au 2 rue Kellermann &#8211; 59100 Roubaix &#8211; France<span class=\"Apple-converted-space\">\u00a0<\/span><\/p><p>\u00a0<\/p><p style=\"text-align: left;\"><b>ARTICLE 3 &#8211; ACCES AU SITE<\/b><\/p><p style=\"text-align: left;\">Le Site est accessible en tout endroit, 7j\/7, 24h\/24 sauf cas de force majeure, interruption programm\u00e9e ou non et pouvant d\u00e9coulant d\u2019une n\u00e9cessit\u00e9 de maintenance.<\/p><p style=\"text-align: left;\">En cas de modification, interruption ou suspension du Site, l&rsquo;Editeur ne saurait \u00eatre tenu responsable.<\/p><p>\u00a0<\/p><p style=\"text-align: left;\"><b>ARTICLE 4 &#8211; COLLECTE DES DONNEES<\/b><\/p><p style=\"text-align: left;\">Le Site assure \u00e0 l&rsquo;Utilisateur une collecte et un traitement d&rsquo;informations personnelles dans le respect de la vie priv\u00e9e conform\u00e9ment \u00e0 la loi n\u00b078-17 du 6 janvier 1978 relative \u00e0 l&rsquo;informatique, aux fichiers et aux libert\u00e9s.<span class=\"Apple-converted-space\">\u00a0<\/span><\/p><p style=\"text-align: left;\">En vertu de la loi Informatique et Libert\u00e9s, en date du 6 janvier 1978, l&rsquo;Utilisateur dispose d&rsquo;un droit d&rsquo;acc\u00e8s, de rectification, de suppression et d&rsquo;opposition de ses donn\u00e9es personnelles. L&rsquo;Utilisateur exerce ce droit :<\/p><p style=\"text-align: left;\"><span class=\"Apple-converted-space\">&#8211;\u00a0<\/span>via un formulaire de contact ;<\/p><p style=\"text-align: left;\"><span class=\"Apple-converted-space\">\u00a0<\/span>Toute utilisation, reproduction, diffusion, commercialisation, modification de toute ou partie du Site, sans autorisation de l\u2019Editeur est prohib\u00e9e et pourra entra\u00een\u00e9e des actions et poursuites judiciaires telles que notamment pr\u00e9vues par le Code de la propri\u00e9t\u00e9 intellectuelle et le Code civil.<\/p><p style=\"text-align: left;\">Pour plus d\u2019informations, se reporter aux CGU du site www.restaurant-lecuyer.com accessible \u00e0 la rubrique \u00ab\u00a0CGU\u00a0\u00bb<span class=\"Apple-converted-space\">\u00a0<\/span><\/p>\t\t\t\t\t\t<\/div>\n\t\t\t\t<\/div>\n\t\t\t\t\t<\/div>\n\t\t<\/div>\n\t\t\t\t\t\t\t<\/div>\n\t\t<\/section>\n\t\t\t\t\t\t\t<\/div>\n\t\t","protected":false},"excerpt":{"rendered":"<p>Mentions l\u00e9gales En vigueur au 06\/06\/22 &nbsp; Conform\u00e9ment aux dispositions des Articles 6-III et 19 de la Loi n\u00b02004-575 du 21 juin 2004 pour la Confiance dans l\u2019\u00e9conomie num\u00e9rique, dite L.C.E.N., il est port\u00e9 \u00e0 la connaissance des utilisateurs et visiteurs, ci-apr\u00e8s l\u00a0\u00bbUtilisateur\u00ab\u00a0, du site www.restaurant-lecuyer.com , ci-apr\u00e8s le \u00ab\u00a0Site\u00ab\u00a0, les pr\u00e9sentes mentions l\u00e9gales. La &hellip;<\/p>\n<p class=\"read-more\"> <a class=\"\" href=\"https:\/\/restaurant-lecuyer.com\/index.php\/mentions-legales-restaurant-lecuyer\/\"> <span class=\"screen-reader-text\">Mentions l\u00e9gales<\/span> Lire la suite\u00a0\u00bb<\/a><\/p>\n","protected":false},"author":1,"featured_media":0,"parent":0,"menu_order":0,"comment_status":"closed","ping_status":"closed","template":"elementor_header_footer","meta":{"site-sidebar-layout":"default","site-content-layout":"default","ast-global-header-display":"","ast-main-header-display":"","ast-hfb-above-header-display":"","ast-hfb-below-header-display":"","ast-hfb-mobile-header-display":"","site-post-title":"disabled","ast-breadcrumbs-content":"","ast-featured-img":"","footer-sml-layout":"","theme-transparent-header-meta":"","adv-header-id-meta":"","stick-header-meta":"","header-above-stick-meta":"","header-main-stick-meta":"","header-below-stick-meta":"","footnotes":""},"class_list":["post-170","page","type-page","status-publish","hentry"],"yoast_head":"<!-- This site is optimized with the Yoast SEO plugin v20.9 - https:\/\/yoast.com\/wordpress\/plugins\/seo\/ -->\n<title>Mentions l\u00e9gales -<\/title>\n<meta name=\"description\" content=\"Il est port\u00e9 \u00e0 la connaissance des utilisateurs et visiteurs, ci-apr\u00e8s l&quot;Utilisateur&quot;, du site www.restaurant-lecuyer.com\" \/>\n<meta name=\"robots\" content=\"index, follow, max-snippet:-1, max-image-preview:large, max-video-preview:-1\" \/>\n<link rel=\"canonical\" href=\"https:\/\/restaurant-lecuyer.com\/index.php\/mentions-legales-restaurant-lecuyer\/\" \/>\n<meta property=\"og:locale\" content=\"fr_FR\" \/>\n<meta property=\"og:type\" content=\"article\" \/>\n<meta property=\"og:title\" content=\"Mentions l\u00e9gales -\" \/>\n<meta property=\"og:description\" content=\"Il est port\u00e9 \u00e0 la connaissance des utilisateurs et visiteurs, ci-apr\u00e8s l&quot;Utilisateur&quot;, du site www.restaurant-lecuyer.com\" \/>\n<meta property=\"og:url\" content=\"https:\/\/restaurant-lecuyer.com\/index.php\/mentions-legales-restaurant-lecuyer\/\" \/>\n<meta property=\"article:publisher\" content=\"https:\/\/m.facebook.com\/LecuyerTouques\" \/>\n<meta property=\"article:modified_time\" content=\"2022-06-15T15:16:03+00:00\" \/>\n<meta name=\"twitter:card\" content=\"summary_large_image\" \/>\n<meta name=\"twitter:label1\" content=\"Dur\u00e9e de lecture estim\u00e9e\" \/>\n\t<meta name=\"twitter:data1\" content=\"2 minutes\" \/>\n<script type=\"application\/ld+json\" class=\"yoast-schema-graph\">{\"@context\":\"https:\/\/schema.org\",\"@graph\":[{\"@type\":\"WebPage\",\"@id\":\"https:\/\/restaurant-lecuyer.com\/index.php\/mentions-legales-restaurant-lecuyer\/\",\"url\":\"https:\/\/restaurant-lecuyer.com\/index.php\/mentions-legales-restaurant-lecuyer\/\",\"name\":\"Mentions l\u00e9gales -\",\"isPartOf\":{\"@id\":\"https:\/\/restaurant-lecuyer.com\/#website\"},\"datePublished\":\"2022-05-24T12:38:06+00:00\",\"dateModified\":\"2022-06-15T15:16:03+00:00\",\"description\":\"Il est port\u00e9 \u00e0 la connaissance des utilisateurs et visiteurs, ci-apr\u00e8s l\\\"Utilisateur\\\", du site www.restaurant-lecuyer.com\",\"breadcrumb\":{\"@id\":\"https:\/\/restaurant-lecuyer.com\/index.php\/mentions-legales-restaurant-lecuyer\/#breadcrumb\"},\"inLanguage\":\"fr-FR\",\"potentialAction\":[{\"@type\":\"ReadAction\",\"target\":[\"https:\/\/restaurant-lecuyer.com\/index.php\/mentions-legales-restaurant-lecuyer\/\"]}]},{\"@type\":\"BreadcrumbList\",\"@id\":\"https:\/\/restaurant-lecuyer.com\/index.php\/mentions-legales-restaurant-lecuyer\/#breadcrumb\",\"itemListElement\":[{\"@type\":\"ListItem\",\"position\":1,\"name\":\"Accueil\",\"item\":\"https:\/\/restaurant-lecuyer.com\/\"},{\"@type\":\"ListItem\",\"position\":2,\"name\":\"Mentions l\u00e9gales\"}]},{\"@type\":\"WebSite\",\"@id\":\"https:\/\/restaurant-lecuyer.com\/#website\",\"url\":\"https:\/\/restaurant-lecuyer.com\/\",\"name\":\"\",\"description\":\"restaurant l&#039;\u00e9cuyer\",\"publisher\":{\"@id\":\"https:\/\/restaurant-lecuyer.com\/#organization\"},\"potentialAction\":[{\"@type\":\"SearchAction\",\"target\":{\"@type\":\"EntryPoint\",\"urlTemplate\":\"https:\/\/restaurant-lecuyer.com\/?s={search_term_string}\"},\"query-input\":\"required name=search_term_string\"}],\"inLanguage\":\"fr-FR\"},{\"@type\":\"Organization\",\"@id\":\"https:\/\/restaurant-lecuyer.com\/#organization\",\"name\":\"restaurant l'\u00e9cuyer\",\"url\":\"https:\/\/restaurant-lecuyer.com\/\",\"logo\":{\"@type\":\"ImageObject\",\"inLanguage\":\"fr-FR\",\"@id\":\"https:\/\/restaurant-lecuyer.com\/#\/schema\/logo\/image\/\",\"url\":\"https:\/\/restaurant-lecuyer.com\/wp-content\/uploads\/2022\/05\/LOGO-SITE-WEB_Plan-de-travail-1.png\",\"contentUrl\":\"https:\/\/restaurant-lecuyer.com\/wp-content\/uploads\/2022\/05\/LOGO-SITE-WEB_Plan-de-travail-1.png\",\"width\":2008,\"height\":1300,\"caption\":\"restaurant l'\u00e9cuyer\"},\"image\":{\"@id\":\"https:\/\/restaurant-lecuyer.com\/#\/schema\/logo\/image\/\"},\"sameAs\":[\"https:\/\/m.facebook.com\/LecuyerTouques\"]}]}<\/script>\n<!-- \/ Yoast SEO plugin. -->","yoast_head_json":{"title":"Mentions l\u00e9gales -","description":"Il est port\u00e9 \u00e0 la connaissance des utilisateurs et visiteurs, ci-apr\u00e8s l\"Utilisateur\", du site www.restaurant-lecuyer.com","robots":{"index":"index","follow":"follow","max-snippet":"max-snippet:-1","max-image-preview":"max-image-preview:large","max-video-preview":"max-video-preview:-1"},"canonical":"https:\/\/restaurant-lecuyer.com\/index.php\/mentions-legales-restaurant-lecuyer\/","og_locale":"fr_FR","og_type":"article","og_title":"Mentions l\u00e9gales -","og_description":"Il est port\u00e9 \u00e0 la connaissance des utilisateurs et visiteurs, ci-apr\u00e8s l\"Utilisateur\", du site www.restaurant-lecuyer.com","og_url":"https:\/\/restaurant-lecuyer.com\/index.php\/mentions-legales-restaurant-lecuyer\/","article_publisher":"https:\/\/m.facebook.com\/LecuyerTouques","article_modified_time":"2022-06-15T15:16:03+00:00","twitter_card":"summary_large_image","twitter_misc":{"Dur\u00e9e de lecture estim\u00e9e":"2 minutes"},"schema":{"@context":"https:\/\/schema.org","@graph":[{"@type":"WebPage","@id":"https:\/\/restaurant-lecuyer.com\/index.php\/mentions-legales-restaurant-lecuyer\/","url":"https:\/\/restaurant-lecuyer.com\/index.php\/mentions-legales-restaurant-lecuyer\/","name":"Mentions l\u00e9gales -","isPartOf":{"@id":"https:\/\/restaurant-lecuyer.com\/#website"},"datePublished":"2022-05-24T12:38:06+00:00","dateModified":"2022-06-15T15:16:03+00:00","description":"Il est port\u00e9 \u00e0 la connaissance des utilisateurs et visiteurs, ci-apr\u00e8s l\"Utilisateur\", du site www.restaurant-lecuyer.com","breadcrumb":{"@id":"https:\/\/restaurant-lecuyer.com\/index.php\/mentions-legales-restaurant-lecuyer\/#breadcrumb"},"inLanguage":"fr-FR","potentialAction":[{"@type":"ReadAction","target":["https:\/\/restaurant-lecuyer.com\/index.php\/mentions-legales-restaurant-lecuyer\/"]}]},{"@type":"BreadcrumbList","@id":"https:\/\/restaurant-lecuyer.com\/index.php\/mentions-legales-restaurant-lecuyer\/#breadcrumb","itemListElement":[{"@type":"ListItem","position":1,"name":"Accueil","item":"https:\/\/restaurant-lecuyer.com\/"},{"@type":"ListItem","position":2,"name":"Mentions l\u00e9gales"}]},{"@type":"WebSite","@id":"https:\/\/restaurant-lecuyer.com\/#website","url":"https:\/\/restaurant-lecuyer.com\/","name":"","description":"restaurant l&#039;\u00e9cuyer","publisher":{"@id":"https:\/\/restaurant-lecuyer.com\/#organization"},"potentialAction":[{"@type":"SearchAction","target":{"@type":"EntryPoint","urlTemplate":"https:\/\/restaurant-lecuyer.com\/?s={search_term_string}"},"query-input":"required name=search_term_string"}],"inLanguage":"fr-FR"},{"@type":"Organization","@id":"https:\/\/restaurant-lecuyer.com\/#organization","name":"restaurant l'\u00e9cuyer","url":"https:\/\/restaurant-lecuyer.com\/","logo":{"@type":"ImageObject","inLanguage":"fr-FR","@id":"https:\/\/restaurant-lecuyer.com\/#\/schema\/logo\/image\/","url":"https:\/\/restaurant-lecuyer.com\/wp-content\/uploads\/2022\/05\/LOGO-SITE-WEB_Plan-de-travail-1.png","contentUrl":"https:\/\/restaurant-lecuyer.com\/wp-content\/uploads\/2022\/05\/LOGO-SITE-WEB_Plan-de-travail-1.png","width":2008,"height":1300,"caption":"restaurant l'\u00e9cuyer"},"image":{"@id":"https:\/\/restaurant-lecuyer.com\/#\/schema\/logo\/image\/"},"sameAs":["https:\/\/m.facebook.com\/LecuyerTouques"]}]}},"_links":{"self":[{"href":"https:\/\/restaurant-lecuyer.com\/index.php\/wp-json\/wp\/v2\/pages\/170","targetHints":{"allow":["GET"]}}],"collection":[{"href":"https:\/\/restaurant-lecuyer.com\/index.php\/wp-json\/wp\/v2\/pages"}],"about":[{"href":"https:\/\/restaurant-lecuyer.com\/index.php\/wp-json\/wp\/v2\/types\/page"}],"author":[{"embeddable":true,"href":"https:\/\/restaurant-lecuyer.com\/index.php\/wp-json\/wp\/v2\/users\/1"}],"replies":[{"embeddable":true,"href":"https:\/\/restaurant-lecuyer.com\/index.php\/wp-json\/wp\/v2\/comments?post=170"}],"version-history":[{"count":0,"href":"https:\/\/restaurant-lecuyer.com\/index.php\/wp-json\/wp\/v2\/pages\/170\/revisions"}],"wp:attachment":[{"href":"https:\/\/restaurant-lecuyer.com\/index.php\/wp-json\/wp\/v2\/media?parent=170"}],"curies":[{"name":"wp","href":"https:\/\/api.w.org\/{rel}","templated":true}]}}